{"id":5369,"date":"2023-11-13T22:24:53","date_gmt":"2023-11-13T20:24:53","guid":{"rendered":"https:\/\/luolaseikkailu.fi\/?page_id=5369"},"modified":"2023-11-16T11:28:49","modified_gmt":"2023-11-16T09:28:49","slug":"lahjakortit","status":"publish","type":"page","link":"https:\/\/luolaseikkailu.fi\/en\/lahjakortit\/","title":{"rendered":"Gift vouchers"},"content":{"rendered":"<div data-elementor-type=\"wp-page\" data-elementor-id=\"5369\" class=\"elementor elementor-5369\" data-elementor-post-type=\"page\">\n\t\t\t\t\t\t<section class=\"elementor-section elementor-top-section elementor-element elementor-element-2e53153 elementor-section-boxed elementor-section-height-default elementor-section-height-default\" data-id=\"2e53153\" data-element_type=\"section\" data-e-type=\"section\">\n\t\t\t\t\t\t<div class=\"elementor-container elementor-column-gap-default\">\n\t\t\t\t\t<div class=\"elementor-column elementor-col-100 elementor-top-column elementor-element elementor-element-c57737d\" data-id=\"c57737d\" data-element_type=\"column\" data-e-type=\"column\">\n\t\t\t<div class=\"elementor-widget-wrap elementor-element-populated\">\n\t\t\t\t\t\t<div class=\"elementor-element elementor-element-fc3c34f elementor-widget elementor-widget-heading\" data-id=\"fc3c34f\" data-element_type=\"widget\" data-e-type=\"widget\" data-widget_type=\"heading.default\">\n\t\t\t\t<div class=\"elementor-widget-container\">\n\t\t\t\t\t<h2 class=\"elementor-heading-title elementor-size-default\">NEW: Gift vouchers to all your favourite destinations<\/h2>\t\t\t\t<\/div>\n\t\t\t\t<\/div>\n\t\t\t\t\t<\/div>\n\t\t<\/div>\n\t\t\t\t\t<\/div>\n\t\t<\/section>\n\t\t\t\t<section class=\"elementor-section elementor-top-section elementor-element elementor-element-7dc8bff elementor-section-boxed elementor-section-height-default elementor-section-height-default\" data-id=\"7dc8bff\" data-element_type=\"section\" data-e-type=\"section\">\n\t\t\t\t\t\t<div class=\"elementor-container elementor-column-gap-default\">\n\t\t\t\t\t<div class=\"elementor-column elementor-col-50 elementor-top-column elementor-element elementor-element-ccda860\" data-id=\"ccda860\" data-element_type=\"column\" data-e-type=\"column\">\n\t\t\t<div class=\"elementor-widget-wrap elementor-element-populated\">\n\t\t\t\t\t\t<div class=\"elementor-element elementor-element-4b7d96d elementor-widget elementor-widget-text-editor\" data-id=\"4b7d96d\" data-element_type=\"widget\" data-e-type=\"widget\" data-widget_type=\"text-editor.default\">\n\t\t\t\t<div class=\"elementor-widget-container\">\n\t\t\t\t\t\t\t\t\t<p>As a new feature, we offer a super card that is valid at all our favourite destinations. In addition to Cave Adventure, this gift card is valid at the Get Off the Earth Climbing Centre, Laser Arena Laser Adventure, Adventure Park Korkee and Bouncy Castle Park.<\/p>\t\t\t\t\t\t\t\t<\/div>\n\t\t\t\t<\/div>\n\t\t\t\t<div class=\"elementor-element elementor-element-05860c8 elementor-align-center elementor-widget elementor-widget-button\" data-id=\"05860c8\" data-element_type=\"widget\" data-e-type=\"widget\" data-widget_type=\"button.default\">\n\t\t\t\t<div class=\"elementor-widget-container\">\n\t\t\t\t\t\t\t\t\t<div class=\"elementor-button-wrapper\">\n\t\t\t\t\t<a class=\"elementor-button elementor-button-link elementor-size-sm\" href=\"http:\/\/shop.activeentertainment.fi\">\n\t\t\t\t\t\t<span class=\"elementor-button-content-wrapper\">\n\t\t\t\t\t\t\t\t\t<span class=\"elementor-button-text\">Go to the gift card shop<\/span>\n\t\t\t\t\t<\/span>\n\t\t\t\t\t<\/a>\n\t\t\t\t<\/div>\n\t\t\t\t\t\t\t\t<\/div>\n\t\t\t\t<\/div>\n\t\t\t\t<div class=\"elementor-element elementor-element-6a39bbc elementor-widget elementor-widget-text-editor\" data-id=\"6a39bbc\" data-element_type=\"widget\" data-e-type=\"widget\" data-widget_type=\"text-editor.default\">\n\t\t\t\t<div class=\"elementor-widget-container\">\n\t\t\t\t\t\t\t\t\t<p>(the button will take you to shop.activeentertainment.fi)<\/p>\t\t\t\t\t\t\t\t<\/div>\n\t\t\t\t<\/div>\n\t\t\t\t\t<\/div>\n\t\t<\/div>\n\t\t\t\t<div class=\"elementor-column elementor-col-50 elementor-top-column elementor-element elementor-element-c260a95\" data-id=\"c260a95\" data-element_type=\"column\" data-e-type=\"column\">\n\t\t\t<div class=\"elementor-widget-wrap elementor-element-populated\">\n\t\t\t\t\t\t<div class=\"elementor-element elementor-element-9704b6c elementor-widget elementor-widget-image\" data-id=\"9704b6c\" data-element_type=\"widget\" data-e-type=\"widget\" data-widget_type=\"image.default\">\n\t\t\t\t<div class=\"elementor-widget-container\">\n\t\t\t\t\t\t\t\t\t\t\t\t\t\t\t<img fetchpriority=\"high\" decoding=\"async\" width=\"800\" height=\"400\" src=\"https:\/\/luolaseikkailu.fi\/wp-content\/uploads\/2023\/11\/AE_mage_gift_card_800x400px-jpg.webp\" class=\"attachment-large size-large wp-image-5371\" alt=\"\" srcset=\"https:\/\/luolaseikkailu.fi\/wp-content\/uploads\/2023\/11\/AE_mage_gift_card_800x400px-jpg.webp 800w, https:\/\/luolaseikkailu.fi\/wp-content\/uploads\/2023\/11\/AE_mage_gift_card_800x400px-300x150.webp 300w, https:\/\/luolaseikkailu.fi\/wp-content\/uploads\/2023\/11\/AE_mage_gift_card_800x400px-768x384.webp 768w, https:\/\/luolaseikkailu.fi\/wp-content\/uploads\/2023\/11\/AE_mage_gift_card_800x400px-600x300.webp 600w\" sizes=\"(max-width: 800px) 100vw, 800px\" \/>\t\t\t\t\t\t\t\t\t\t\t\t\t\t\t<\/div>\n\t\t\t\t<\/div>\n\t\t\t\t\t<\/div>\n\t\t<\/div>\n\t\t\t\t\t<\/div>\n\t\t<\/section>\n\t\t\t\t<\/div>","protected":false},"excerpt":{"rendered":"<p>UUTTA: Lahjakortti kaikkiin suosikkikohteisiin Uutuutena meill\u00e4 on tarjolla superkortti, joka k\u00e4y kaikkiin suosikkikohteisiimme. T\u00e4m\u00e4 lahjakortti k\u00e4y Luolaseikkailun lis\u00e4ksi Irti Maasta -kiipeilykeskuksessa, Laserareena -laserseikkailussa, seikkailupuisto Korkeessa sek\u00e4 Pomppulinnaparkissa. Siirry lahjakorttikauppaan (painike vie sinut osoitteeseen shop.activeentertainment.fi)<\/p>","protected":false},"author":1,"featured_media":0,"parent":0,"menu_order":0,"comment_status":"closed","ping_status":"closed","template":"","meta":{"_mo_disable_npp":"","footnotes":""},"class_list":["post-5369","page","type-page","status-publish","hentry"],"aioseo_notices":[],"_links":{"self":[{"href":"https:\/\/luolaseikkailu.fi\/en\/wp-json\/wp\/v2\/pages\/5369","targetHints":{"allow":["GET"]}}],"collection":[{"href":"https:\/\/luolaseikkailu.fi\/en\/wp-json\/wp\/v2\/pages"}],"about":[{"href":"https:\/\/luolaseikkailu.fi\/en\/wp-json\/wp\/v2\/types\/page"}],"author":[{"embeddable":true,"href":"https:\/\/luolaseikkailu.fi\/en\/wp-json\/wp\/v2\/users\/1"}],"replies":[{"embeddable":true,"href":"https:\/\/luolaseikkailu.fi\/en\/wp-json\/wp\/v2\/comments?post=5369"}],"version-history":[{"count":0,"href":"https:\/\/luolaseikkailu.fi\/en\/wp-json\/wp\/v2\/pages\/5369\/revisions"}],"wp:attachment":[{"href":"https:\/\/luolaseikkailu.fi\/en\/wp-json\/wp\/v2\/media?parent=5369"}],"curies":[{"name":"wp","href":"https:\/\/api.w.org\/{rel}","templated":true}]}}