{"id":5139,"date":"2023-05-24T16:46:14","date_gmt":"2023-05-24T14:46:14","guid":{"rendered":"https:\/\/luolaseikkailu.fi\/?page_id=5139"},"modified":"2023-05-31T10:54:53","modified_gmt":"2023-05-31T08:54:53","slug":"rekisteriseloste","status":"publish","type":"page","link":"https:\/\/luolaseikkailu.fi\/en\/rekisteriseloste\/","title":{"rendered":"Register Description"},"content":{"rendered":"<div data-elementor-type=\"wp-page\" data-elementor-id=\"5139\" class=\"elementor elementor-5139\" data-elementor-post-type=\"page\">\n\t\t\t\t\t\t<section class=\"elementor-section elementor-top-section elementor-element elementor-element-c2dde65 elementor-section-boxed elementor-section-height-default elementor-section-height-default\" data-id=\"c2dde65\" data-element_type=\"section\" data-e-type=\"section\">\n\t\t\t\t\t\t<div class=\"elementor-container elementor-column-gap-default\">\n\t\t\t\t\t<div class=\"elementor-column elementor-col-100 elementor-top-column elementor-element elementor-element-06877df\" data-id=\"06877df\" data-element_type=\"column\" data-e-type=\"column\">\n\t\t\t<div class=\"elementor-widget-wrap elementor-element-populated\">\n\t\t\t\t\t\t<div class=\"elementor-element elementor-element-daa22a0 elementor-widget elementor-widget-text-editor\" data-id=\"daa22a0\" data-element_type=\"widget\" data-e-type=\"widget\" data-widget_type=\"text-editor.default\">\n\t\t\t\t<div class=\"elementor-widget-container\">\n\t\t\t\t\t\t\t\t\t<div class=\"page-title\"><h1>Register Description<\/h1><\/div><div class=\"std\"><h3>1. The controller<\/h3><p>Irti Maasta Oy, c\/o Kummelipolku 5a, 02330 Espoo, Finland<\/p><h3>2. Person responsible for the file and\/or contact person<\/h3><p>Aleksi Mattila (aleksi@irtimaasta.fi)<\/p><h3>3. Name of the register<\/h3><p>Irti Maasta Oy's customer register.<\/p><h3>4. Purpose of processing personal data<\/h3><p>The purpose of using the register data is to manage and maintain the relationship between Irti Maasta Oy and the customer. The personal data stored in the register is used for processing orders in the online store, information, marketing, managing customer relations and contacts and other purposes related to maintaining the customer relationship. The data in the register is used for direct marketing by Irti Maasta Oy and its sister companies, unless the customer has prohibited direct marketing.<\/p><h3>5. Data content of the register<\/h3><p>The register contains information on customers according to the following categories:<\/p><p>Name, date of birth, address, telephone number, e-mail address. Details of customer orders.<\/p><h3>6. Regular sources of information<\/h3><p>The data source is the information provided by the customer in the online form when registering as a customer, as well as the information collected from the customer during the customer relationship. Population registers or other registers may be used to update personal data.<\/p><h3>7. Regular disclosures of data<\/h3><p>Email data may be disclosed to a third party for the purpose of sending Irti Maasta Oy's own newsletter. The information will not be disclosed to third parties for any other purpose.<\/p><h3>8. Regular disclosures and transfers of data outside the EU or the European Economic Area<\/h3><p>The data will not be transferred to the EU or outside Europe.<\/p><h3>9. Principles of register protection<\/h3><p>The information is stored in Irti Maasta Oy's information system. Only persons designated by Irti Maasta Oy have access to the register with their personal IDs. The persons who process the data in the register are bound by confidentiality.<\/p><h3>10. Cookies<\/h3><p>We use cookies on Irti Maasta Oy's website and online store. A cookie is a small text file that a website stores on your computer, tablet or mobile phone when you visit the site. We use cookies to analyse the use of the website, target advertising and monitor the effectiveness of advertising in digital media such as search engines. Cookies do not contain any personal data. Cookies are not transferred or sold to third parties.<\/p><p>By using the Irti Maasta Oy website, you agree to the use of cookies as described above. You can avoid the use of cookies by modifying your browser settings and disabling their use. By using the website, you also accept that for some services, however, disabling the use of cookies may affect the functionality of the service.<\/p><\/div>\t\t\t\t\t\t\t\t<\/div>\n\t\t\t\t<\/div>\n\t\t\t\t\t<\/div>\n\t\t<\/div>\n\t\t\t\t\t<\/div>\n\t\t<\/section>\n\t\t\t\t<\/div>","protected":false},"excerpt":{"rendered":"<p>Rekisteriseloste 1. Rekisterinpit\u00e4j\u00e4 Irti Maasta Oy,\u00a0c\/o Kummelipolku 5a, 02330 Espoo 2. Rekisteriasioista vastaava henkil\u00f6 ja\/tai yhteyshenkil\u00f6 Aleksi Mattila (aleksi@irtimaasta.fi) 3. Rekisterin nimi Irti Maasta Oy:n asiakasrekisteri. 4. Henkil\u00f6tietojen k\u00e4sittelyn tarkoitus Rekisteritietojen k\u00e4ytt\u00f6tarkoitus on Irti Maasta Oy:n ja asiakkaan v\u00e4lisen suhteen hoito ja yll\u00e4pito. Rekisteriin tallennettuja henkil\u00f6tietoja k\u00e4ytet\u00e4\u00e4n verkkokaupan tilausten k\u00e4sittelyyn, tiedottamiseen, markkinointiin, asiakassuhteiden ja yhteydenottojen [&hellip;]<\/p>\n","protected":false},"author":1,"featured_media":0,"parent":0,"menu_order":0,"comment_status":"closed","ping_status":"closed","template":"elementor_header_footer","meta":{"_mo_disable_npp":"","footnotes":""},"class_list":["post-5139","page","type-page","status-publish","hentry"],"aioseo_notices":[],"_links":{"self":[{"href":"https:\/\/luolaseikkailu.fi\/en\/wp-json\/wp\/v2\/pages\/5139","targetHints":{"allow":["GET"]}}],"collection":[{"href":"https:\/\/luolaseikkailu.fi\/en\/wp-json\/wp\/v2\/pages"}],"about":[{"href":"https:\/\/luolaseikkailu.fi\/en\/wp-json\/wp\/v2\/types\/page"}],"author":[{"embeddable":true,"href":"https:\/\/luolaseikkailu.fi\/en\/wp-json\/wp\/v2\/users\/1"}],"replies":[{"embeddable":true,"href":"https:\/\/luolaseikkailu.fi\/en\/wp-json\/wp\/v2\/comments?post=5139"}],"version-history":[{"count":0,"href":"https:\/\/luolaseikkailu.fi\/en\/wp-json\/wp\/v2\/pages\/5139\/revisions"}],"wp:attachment":[{"href":"https:\/\/luolaseikkailu.fi\/en\/wp-json\/wp\/v2\/media?parent=5139"}],"curies":[{"name":"wp","href":"https:\/\/api.w.org\/{rel}","templated":true}]}}