{"id":4471,"date":"2022-09-21T12:33:00","date_gmt":"2022-09-21T10:33:00","guid":{"rendered":"https:\/\/luolaseikkailu.fi\/?page_id=4471"},"modified":"2022-09-30T10:49:03","modified_gmt":"2022-09-30T08:49:03","slug":"varausehdot","status":"publish","type":"page","link":"https:\/\/luolaseikkailu.fi\/en\/varausehdot\/","title":{"rendered":"Booking conditions"},"content":{"rendered":"<div data-elementor-type=\"wp-page\" data-elementor-id=\"4471\" class=\"elementor elementor-4471\" data-elementor-post-type=\"page\">\n\t\t\t\t\t\t<section class=\"elementor-section elementor-top-section elementor-element elementor-element-6270e025 elementor-section-height-min-height elementor-section-boxed elementor-section-height-default elementor-section-items-middle\" data-id=\"6270e025\" data-element_type=\"section\" data-e-type=\"section\" data-settings=\"{&quot;background_background&quot;:&quot;classic&quot;}\">\n\t\t\t\t\t\t\t<div class=\"elementor-background-overlay\"><\/div>\n\t\t\t\t\t\t\t<div class=\"elementor-container elementor-column-gap-default\">\n\t\t\t\t\t<div class=\"elementor-column elementor-col-100 elementor-top-column elementor-element elementor-element-92be200\" data-id=\"92be200\" data-element_type=\"column\" data-e-type=\"column\">\n\t\t\t<div class=\"elementor-widget-wrap elementor-element-populated\">\n\t\t\t\t\t\t<div class=\"elementor-element elementor-element-76d898f2 animated-slow elementor-invisible elementor-widget elementor-widget-heading\" data-id=\"76d898f2\" data-element_type=\"widget\" data-e-type=\"widget\" data-settings=\"{&quot;_animation&quot;:&quot;fadeInUp&quot;}\" data-widget_type=\"heading.default\">\n\t\t\t\t<div class=\"elementor-widget-container\">\n\t\t\t\t\t<h2 class=\"elementor-heading-title elementor-size-default\">Booking and cancellation conditions<\/h2>\t\t\t\t<\/div>\n\t\t\t\t<\/div>\n\t\t\t\t<div class=\"elementor-element elementor-element-2ec6fe4 animated-slow elementor-invisible elementor-widget elementor-widget-text-editor\" data-id=\"2ec6fe4\" data-element_type=\"widget\" data-e-type=\"widget\" data-settings=\"{&quot;_animation&quot;:&quot;fadeInUp&quot;}\" data-widget_type=\"text-editor.default\">\n\t\t\t\t<div class=\"elementor-widget-container\">\n\t\t\t\t\t\t\t\t\t<p>Please read through our terms and conditions before booking<\/p>\t\t\t\t\t\t\t\t<\/div>\n\t\t\t\t<\/div>\n\t\t\t\t\t<\/div>\n\t\t<\/div>\n\t\t\t\t\t<\/div>\n\t\t<\/section>\n\t\t\t\t<section class=\"elementor-section elementor-top-section elementor-element elementor-element-df15006 elementor-section-boxed elementor-section-height-default elementor-section-height-default\" data-id=\"df15006\" data-element_type=\"section\" data-e-type=\"section\">\n\t\t\t\t\t\t<div class=\"elementor-container elementor-column-gap-default\">\n\t\t\t\t\t<div class=\"elementor-column elementor-col-25 elementor-top-column elementor-element elementor-element-df3abfa\" data-id=\"df3abfa\" data-element_type=\"column\" data-e-type=\"column\">\n\t\t\t<div class=\"elementor-widget-wrap\">\n\t\t\t\t\t\t\t<\/div>\n\t\t<\/div>\n\t\t\t\t<div class=\"elementor-column elementor-col-50 elementor-top-column elementor-element elementor-element-7ad6235\" data-id=\"7ad6235\" data-element_type=\"column\" data-e-type=\"column\">\n\t\t\t<div class=\"elementor-widget-wrap elementor-element-populated\">\n\t\t\t\t\t\t<div class=\"elementor-element elementor-element-c1a9586 elementor-widget elementor-widget-spacer\" data-id=\"c1a9586\" data-element_type=\"widget\" data-e-type=\"widget\" data-widget_type=\"spacer.default\">\n\t\t\t\t<div class=\"elementor-widget-container\">\n\t\t\t\t\t\t\t<div class=\"elementor-spacer\">\n\t\t\t<div class=\"elementor-spacer-inner\"><\/div>\n\t\t<\/div>\n\t\t\t\t\t\t<\/div>\n\t\t\t\t<\/div>\n\t\t\t\t<div class=\"elementor-element elementor-element-3c6b1fb elementor-widget elementor-widget-text-editor\" data-id=\"3c6b1fb\" data-element_type=\"widget\" data-e-type=\"widget\" data-widget_type=\"text-editor.default\">\n\t\t\t\t<div class=\"elementor-widget-container\">\n\t\t\t\t\t\t\t\t\t<h2><b>Booking and payment conditions<\/b><\/h2><h3><b>General information<\/b><\/h3><p><span style=\"font-weight: 400;\">The sections contained in these Terms of Use are the terms and conditions of the transaction between the customer and Irti Maasta Oy (hereinafter referred to as the Service Provider). By booking a service or making a payment for our services, the customer accepts and agrees to be bound by these terms and conditions. The contract is formed when the customer has booked the service or made payment for the service and this has been confirmed by the provider.<\/span><\/p><p>\u00a0<\/p><h3><b>Use of services<\/b><\/h3><p><span style=\"font-weight: 400;\">The purchased service can only be used to consume that service.<\/span><\/p><p>\u00a0<\/p><h3><b>Holidays, exceptions and service breaks<\/b><\/h3><p><span style=\"font-weight: 400;\">We do not refund individual days when the centre has been closed. We will announce any exceptions separately on our social media pages. Our booking calendar also shows the current situation.<\/span><\/p><p><span style=\"font-weight: 400;\">We do not compensate for individual exceptions caused by reasons beyond the control of the service provider (for example, evacuation of a shopping centre due to a fire alarm).<\/span><\/p><p>\u00a0<\/p><h3><b>Payment<\/b><\/h3><p><span style=\"font-weight: 400;\">Irti Maasta Oy's products can be reserved and purchased in the online shop or bought on site at the Cave Adventure Centre, and on an ad hoc basis at Irti Maasta Oy's partners' sales outlets.<\/span><\/p><p><span style=\"font-weight: 400;\">On site at the Cave Adventure Centre, you can pay in cash (euros), domestic debit and credit cards (Visa, MasterCard), e-passport, edenred, gift cards and Smartum sports vouchers or sports and culture vouchers. You can only pay for your personal sports services with a sports voucher. Sports vouchers and gift cards cannot be converted into cash and are non-refundable.<\/span><\/p><p><span style=\"font-weight: 400;\">Invoicing is possible by separate agreement. As a general rule, we only invoice entities with a business ID, not individuals. A surcharge of 7\u20ac will be added to the invoice.<\/span><\/p><p>\u00a0<\/p><h3><b>Loss of tickets or gift cards<\/b><\/h3><p><span style=\"font-weight: 400;\">Lost tickets or gift vouchers will not be refunded.<\/span><\/p><p>\u00a0<\/p><h3><b>Gift voucher<\/b><\/h3><p><span style=\"font-weight: 400;\">When paying with a gift card on the spot, the gift card must be presented at the time of payment. Gift vouchers cannot be exchanged for cash. The gift voucher is valid for 12 months from the date of purchase.<\/span><\/p><p>\u00a0<\/p><h3><b>Sickness cases, changes to purchases and refunds<\/b><\/h3><p><span style=\"font-weight: 400;\">Sickness cases with a doctor's or nurse's certificate.<\/span><\/p><p><span style=\"font-weight: 400;\">Changes to purchased services must be made in accordance with the terms and conditions of the booking. Changes may be subject to a separate handling fee.<\/span><\/p><p><span style=\"font-weight: 400;\">For cash refunds, we charge a processing fee of \u20ac10 per refund. Refunds will not be made if the service has been paid for with sports money or other benefits granted by the employer.<\/span><\/p><p>\u00a0<\/p><h4><b>Offers<\/b><\/h4><p><span style=\"font-weight: 400;\">Bids cannot be combined. The percentage or euro discount applies only to services at the normal price, not to services priced in a discount group or already discounted. In addition, promotions and offers may have their own conditions of sale or a different period of validity.<\/span><\/p><p>\u00a0<\/p><h3><b>Booking conditions<\/b><\/h3><p><span style=\"font-weight: 400;\">We recommend booking your tickets in advance to ensure you get to your preferred shift. Reservations are binding and we do not accept provisional reservations. Unpaid reserved tickets must be redeemed by<\/span> <span style=\"font-weight: 400;\">10 minutes<\/span> <span style=\"font-weight: 400;\">before the start date of the reservation. We reserve the right to return unclaimed tickets for re-sale on a case-by-case basis.<\/span><\/p><p><span style=\"font-weight: 400;\">When booking group products, such as cave adventure parties, pre-cave parties or private cave adventures, the customer must pay a \u20ac30 booking fee. If the payment is not made within 24 hours of the booking, the booking will be automatically cancelled. The booking fee will be deducted from the total amount of the reservation. The booking fee is non-refundable if the booking is cancelled or postponed less than 7 days before the date of the event (except in case of illness, see above).<\/span><\/p><p><span style=\"font-weight: 400;\">The number of participants for parties and other events (birthdays, other parties, groups) must be confirmed at least 2 days before the event. Any increase in the number of participants is only possible within the limits of the number of places available. Any reduction in the number of participants less than 2 days before the event will be charged at the amount of the original booking.\u00a0<\/span><\/p><p><span style=\"font-weight: 400;\">Unused single, series or other tickets purchased online do not have the right of cancellation (Consumer Protection Act Chapter 6, \u00a716, section 11).<\/span><\/p><p>\u00a0<\/p><h3><b>Cancellation policy<\/b><\/h3><p><span style=\"font-weight: 400;\">If you do not show up for the day, class or course you have booked, you must cancel your booking either by phone or email.<\/span><\/p><p><span style=\"font-weight: 400;\">Parties and other events, groups, courses and clubs must be cancelled at least one week before the event, except in cases of illness (a doctor's or nurse's certificate must be provided).\u00a0<\/span><\/p><p><span style=\"font-weight: 400;\">Cancellations made more than 7 days before the event will be refunded with a gift voucher of the same value for Cave Adventure.The voucher is valid for 12 months from the date of the original booking and must be collected from the Cave Adventure Centre during the opening hours of the Centre.<\/span><\/p><p><span style=\"font-weight: 400;\">No refund or refund will be made for postponements or cancellations made less than 7 days before the start of the party, except in the case of illness (a doctor's or nurse's certificate must be provided). In this case, the booking fee will be refunded with a gift voucher of the same value (see details above).<\/span><\/p><p><span style=\"font-weight: 400;\">Individual bookings must be cancelled at least 24 hours before the start of the booking. If cancelled with less than 24 hours notice, the full price will be charged.<\/span><\/p><p><span style=\"font-weight: 400;\">The service provider has the right to cancel the customer's booking if the service has to be cancelled due to low attendance or other force majeure. In this case, the customer will be refunded in full or exchanged for another service of equal value from the same provider.<\/span><\/p><p><span style=\"font-weight: 400;\">The services available for sale in the online shop are subject to our general terms and conditions for online sales. Unused single, series or other tickets purchased from the online shop cannot be cancelled (Consumer Protection Act Chapter 6, \u00a716, section 11).<\/span><\/p><p>\u00a0<\/p><h3><b>Age limits<\/b><\/h3><p><span style=\"font-weight: 400;\">Customers of all ages are welcome, as long as they can follow the instructions given. The cave adventure is best suited for children aged 4-14. Parents or accompanying adults are responsible for the child. Underage children are always the responsibility of a parent or guardian. See also <\/span><a href=\"https:\/\/irtimaasta.fi\/info\/jarjestyssaannot\"><span style=\"font-weight: 400;\">to the safety guidelines<\/span><\/a><span style=\"font-weight: 400;\"> before arrival.<\/span><\/p><p><span style=\"font-weight: 400;\">All rights reserved.<\/span><\/p><p>\u00a0<\/p><h2><b>Terms of use for the online shop<\/b><\/h2><p><span style=\"font-weight: 400;\">These Terms and Conditions of Use for the I get out of the country online service (service provider) apply to all customer activities on the service provider's online service.<\/span><\/p><p><span style=\"font-weight: 400;\">When making reservations or purchases in the online shop, the customer declares that he\/she has read the terms of use in force at the time and undertakes to comply with them.<\/span><\/p><p><span style=\"font-weight: 400;\">In addition to these terms and conditions, Irti Maasta t Oy's booking and delivery terms and conditions also apply. In the event of any conflict between these Terms and Conditions and the Booking and Delivery Conditions, the Booking and Delivery Conditions shall prevail.<\/span><\/p><p>\u00a0<\/p><h3><b>Booking tickets<\/b><\/h3><p><span style=\"font-weight: 400;\">You can book and buy tickets, parties and other events in the Cave Adventure online shop.\u00a0<\/span><\/p><p><span style=\"font-weight: 400;\">Tickets booked online can be redeemed at the Centre's cash desk. The redemption period ends 10 minutes before the start of the reservation. However, the end of the redemption period may be affected by the time of booking, opening hours or advance sales of tickets.<\/span><\/p><p><span style=\"font-weight: 400;\">If the reservation quota is full or the reservation deadline has expired, tickets can no longer be reserved. In addition, reservations for certain products cannot be made, even if tickets can be purchased online.<\/span><\/p><p><span style=\"font-weight: 400;\">Expired tickets or gift vouchers will not be exchanged or redeemed, nor can their validity be extended.<\/span><\/p><p>\u00a0<\/p><h3><b>Cancellations<\/b><\/h3><p><span style=\"font-weight: 400;\">Unused single, series and other tickets purchased online have no right of cancellation because the purchase is for a leisure service at a specific time (Consumer Protection Act, Chapter 6, \u00a716, point 11).<\/span><\/p><p>\u00a0<\/p><h3><b>Error purchase or booking<\/b><\/h3><p><span style=\"font-weight: 400;\">In the event of a mistake in the selection of a date and tickets have been purchased or booked for the wrong date, tickets may be transferred or cancelled in accordance with the booking and cancellation conditions. Tickets cannot be exchanged afterwards and Irti Maasta Oy will not refund unused tickets.<\/span><\/p>\t\t\t\t\t\t\t\t<\/div>\n\t\t\t\t<\/div>\n\t\t\t\t\t<\/div>\n\t\t<\/div>\n\t\t\t\t<div class=\"elementor-column elementor-col-25 elementor-top-column elementor-element elementor-element-f08fe05\" data-id=\"f08fe05\" data-element_type=\"column\" data-e-type=\"column\">\n\t\t\t<div class=\"elementor-widget-wrap\">\n\t\t\t\t\t\t\t<\/div>\n\t\t<\/div>\n\t\t\t\t\t<\/div>\n\t\t<\/section>\n\t\t\t\t<\/div>","protected":false},"excerpt":{"rendered":"<p>Varaus- ja peruutusehdot Luethan ehtomme l\u00e4pi ennen varausta katso kysytyimm\u00e4t kysymykset Varaus- ja maksuehdot Yleist\u00e4 N\u00e4iden k\u00e4ytt\u00f6ehtojen sis\u00e4lt\u00e4m\u00e4t kohdat ovat ehdot asiakkaan ja Irti Maasta Oy:n (my\u00f6hemmin palveluntarjoaja) v\u00e4lisess\u00e4 kaupassa. Varatessaan palvelun tai suorittaessaan maksun palveluistamme asiakas hyv\u00e4ksyy n\u00e4m\u00e4 ehdot ja sitoutuu noudattamaan niit\u00e4. Sopimus syntyy kun asiakas on varannut palvelun tai suorittanut maksun palvelusta, [&hellip;]<\/p>\n","protected":false},"author":3,"featured_media":0,"parent":0,"menu_order":0,"comment_status":"closed","ping_status":"closed","template":"elementor_header_footer","meta":{"_mo_disable_npp":"","footnotes":""},"class_list":["post-4471","page","type-page","status-publish","hentry"],"aioseo_notices":[],"_links":{"self":[{"href":"https:\/\/luolaseikkailu.fi\/en\/wp-json\/wp\/v2\/pages\/4471","targetHints":{"allow":["GET"]}}],"collection":[{"href":"https:\/\/luolaseikkailu.fi\/en\/wp-json\/wp\/v2\/pages"}],"about":[{"href":"https:\/\/luolaseikkailu.fi\/en\/wp-json\/wp\/v2\/types\/page"}],"author":[{"embeddable":true,"href":"https:\/\/luolaseikkailu.fi\/en\/wp-json\/wp\/v2\/users\/3"}],"replies":[{"embeddable":true,"href":"https:\/\/luolaseikkailu.fi\/en\/wp-json\/wp\/v2\/comments?post=4471"}],"version-history":[{"count":0,"href":"https:\/\/luolaseikkailu.fi\/en\/wp-json\/wp\/v2\/pages\/4471\/revisions"}],"wp:attachment":[{"href":"https:\/\/luolaseikkailu.fi\/en\/wp-json\/wp\/v2\/media?parent=4471"}],"curies":[{"name":"wp","href":"https:\/\/api.w.org\/{rel}","templated":true}]}}